{"id":918,"date":"2026-01-27T14:42:52","date_gmt":"2026-01-27T14:42:52","guid":{"rendered":"https:\/\/www.nbccom.ch\/accueil\/"},"modified":"2026-03-23T19:03:27","modified_gmt":"2026-03-23T19:03:27","slug":"accueil","status":"publish","type":"page","link":"https:\/\/www.nbccom.ch\/fr\/","title":{"rendered":"Accueil"},"content":{"rendered":"\n<div class=\"wp-block-uagb-container uagb-layout-grid uagb-block-e1a27f89 alignfull uagb-is-root-container\">\n<div class=\"wp-block-uagb-info-box uagb-block-b404e1c5 uagb-infobox__content-wrap  uagb-infobox-icon-above-title uagb-infobox-image-valign-top\"><div class=\"uagb-ifb-content\"><div class=\"uagb-ifb-title-wrap\"><p class=\"uagb-ifb-title-prefix\">Communication dentreprise \/ Accompagnement de projet \/ Cr\u00e9ation de contenu<\/p><h1 class=\"uagb-ifb-title\">Communication: conseil  gestion<\/h1><\/div><p class=\"uagb-ifb-desc\">Qu\u2019il s\u2019agisse d\u2019un projet ou d\u2019un accompagnement \u00e0 long terme : je soutiens volontiers votre entreprise ou votre institution dans le domaine de la communication. En situation de crise, vers l\u2019ext\u00e9rieur, en interne, sur le plan strat\u00e9gique ou de mani\u00e8re tr\u00e8s concr\u00e8te. <\/p><div class=\"uagb-ifb-button-wrapper wp-block-button\"><a href=\"#\" class=\"uagb-infobox-cta-link wp-block-button__link\" target=\"_self\" rel=\"noopener noreferrer\" onclick=\"return false;\"><span class=\"uagb-inline-editing\">Contactez-moi maintenant<\/span><\/a><\/div><\/div><\/div>\n\n\n\n<div class=\"wp-block-uagb-image uagb-block-d76dc680 wp-block-uagb-image--layout-default wp-block-uagb-image--effect-static wp-block-uagb-image--align-none\"><figure class=\"wp-block-uagb-image__figure\"><img decoding=\"async\" srcset=\"https:\/\/www.nbccom.ch\/wp-content\/uploads\/2026\/02\/nbccom-hero-bild-berge-1024x683.webp ,https:\/\/www.nbccom.ch\/wp-content\/uploads\/2026\/02\/nbccom-hero-bild-berge.webp 780w, https:\/\/www.nbccom.ch\/wp-content\/uploads\/2026\/02\/nbccom-hero-bild-berge.webp 360w\" sizes=\"auto, (max-width: 480px) 150px\" src=\"https:\/\/www.nbccom.ch\/wp-content\/uploads\/2026\/02\/nbccom-hero-bild-berge-1024x683.webp\" alt=\"nbccom hero image montagnes\" class=\"uag-image-842\" width=\"1120\" height=\"800\" title=\"nbccom hero image montagnes\" loading=\"lazy\" role=\"img\"><\/figure><\/div>\n<\/div>\n\n<div class=\"wp-block-uagb-container uagb-layout-grid uagb-block-174f06df alignfull uagb-is-root-container\"><div class=\"uagb-container-inner-blocks-wrap\">\n<div class=\"wp-block-uagb-container uagb-block-d04eceec\">\n<div class=\"wp-block-uagb-image uagb-block-d672ed91 wp-block-uagb-image--layout-default wp-block-uagb-image--effect-static wp-block-uagb-image--align-none\"><figure class=\"wp-block-uagb-image__figure\"><img decoding=\"async\" srcset=\"https:\/\/www.nbccom.ch\/wp-content\/uploads\/2026\/01\/Nicole-Carron-Bayard-sw.webp ,https:\/\/www.nbccom.ch\/wp-content\/uploads\/2026\/01\/Nicole-Carron-Bayard-sw.webp 780w, https:\/\/www.nbccom.ch\/wp-content\/uploads\/2026\/01\/Nicole-Carron-Bayard-sw.webp 360w\" sizes=\"auto, (max-width: 480px) 150px\" src=\"https:\/\/www.nbccom.ch\/wp-content\/uploads\/2026\/01\/Nicole-Carron-Bayard-sw.webp\" alt=\"nicole carron bayard sw\" class=\"uag-image-780\" width=\"480\" height=\"500\" title=\"nicole carron bayard sw\" loading=\"lazy\" role=\"img\"><\/figure><\/div>\n<\/div>\n\n\n\n<div class=\"wp-block-uagb-info-box uagb-block-6a2637d6 uagb-infobox__content-wrap  uagb-infobox-icon-above-title uagb-infobox-image-valign-top\"><div class=\"uagb-ifb-content\"><div class=\"uagb-ifb-title-wrap\"><h2 class=\"uagb-ifb-title-prefix\">Depuis 2010<\/h2><h3 class=\"uagb-ifb-title\">nbc communications<\/h3><\/div><div class=\"uagb-ifb-separator\"><\/div><p class=\"uagb-ifb-desc\">Nicole Carron-Bayard. 30 ans dexp\u00e9rience en communication : flexible, efficace, discr\u00e8te et structur\u00e9e. Dr rer. pol. (sciences \u00e9conomiques) et Master en Communications Management.    <\/p><div class=\"uagb-ifb-button-wrapper wp-block-button\"><a href=\"https:\/\/www.nbccom.ch\/fr\/a-propos\/\" class=\"uagb-infobox-cta-link ast-outline-button\" target=\"_self\" rel=\"noopener noreferrer\" style=\"border-width:revert-layer\" onclick=\"return true;\"><span class=\"uagb-inline-editing\">En savoir plus<\/span><\/a><\/div><\/div><\/div>\n<\/div><\/div>\n\n<div id=\"Angebot\" class=\"wp-block-uagb-container uagb-layout-flex uagb-block-558a349d alignfull uagb-is-root-container\"><div class=\"uagb-container-inner-blocks-wrap\">\n<h2 class=\"wp-block-heading has-text-align-center\">Offre<\/h2>\n\n\n\n<div class=\"wp-block-uagb-container uagb-layout-grid uagb-block-93028ec6\">\n<div class=\"wp-block-uagb-container uagb-block-4db6d8df\">\n<figure class=\"wp-block-image size-large is-resized\"><img loading=\"lazy\" decoding=\"async\" width=\"1024\" height=\"683\" src=\"https:\/\/www.nbccom.ch\/wp-content\/uploads\/2026\/01\/nbc-communications-13-1024x683.jpg\" alt=\"nbc-communications-13\" class=\"wp-image-745\" style=\"object-fit:cover;width:700px;height:280px\" title=\"Accueil\" srcset=\"https:\/\/www.nbccom.ch\/wp-content\/uploads\/2026\/01\/nbc-communications-13-1024x683.jpg 1024w, https:\/\/www.nbccom.ch\/wp-content\/uploads\/2026\/01\/nbc-communications-13-300x200.jpg 300w, https:\/\/www.nbccom.ch\/wp-content\/uploads\/2026\/01\/nbc-communications-13-768x512.jpg 768w, https:\/\/www.nbccom.ch\/wp-content\/uploads\/2026\/01\/nbc-communications-13-1536x1024.jpg 1536w, https:\/\/www.nbccom.ch\/wp-content\/uploads\/2026\/01\/nbc-communications-13-2048x1366.jpg 2048w\" sizes=\"auto, (max-width: 1024px) 100vw, 1024px\" \/><figcaption class=\"wp-element-caption\">Fusion des communes de Vi\u00e8ge<\/figcaption><\/figure>\n\n\n\n<div class=\"wp-block-uagb-advanced-heading uagb-block-ab7952a7\"><h3 class=\"uagb-heading-text\">Support en communication de management\u00a0:<\/h3><p class=\"uagb-desc-text\">Communication de crise, concepts de communication, conseil en communication, communication interne, s\u00e9ances d\u2019information, media training, pr\u00e9paration des QA et des FAQ, etc.<\/p><\/div>\n<\/div>\n\n\n\n<div class=\"wp-block-uagb-container uagb-block-4c3bbfde\">\n<figure class=\"wp-block-image size-large is-resized\"><img loading=\"lazy\" decoding=\"async\" width=\"1024\" height=\"708\" src=\"https:\/\/www.nbccom.ch\/wp-content\/uploads\/2026\/01\/nbc-communications-16-1024x708.jpg\" alt=\"nbc-communications-16\" class=\"wp-image-729\" style=\"object-fit:cover;width:700px;height:280px\" title=\"Accueil\" srcset=\"https:\/\/www.nbccom.ch\/wp-content\/uploads\/2026\/01\/nbc-communications-16-1024x708.jpg 1024w, https:\/\/www.nbccom.ch\/wp-content\/uploads\/2026\/01\/nbc-communications-16-300x208.jpg 300w, https:\/\/www.nbccom.ch\/wp-content\/uploads\/2026\/01\/nbc-communications-16-768x531.jpg 768w, https:\/\/www.nbccom.ch\/wp-content\/uploads\/2026\/01\/nbc-communications-16-1536x1063.jpg 1536w, https:\/\/www.nbccom.ch\/wp-content\/uploads\/2026\/01\/nbc-communications-16-2048x1417.jpg 2048w\" sizes=\"auto, (max-width: 1024px) 100vw, 1024px\" \/><figcaption class=\"wp-element-caption\">Gr\u00e4chen Futura, \u00a9 SSA-Architekten<\/figcaption><\/figure>\n\n\n\n<div class=\"wp-block-uagb-advanced-heading uagb-block-43a8d6c6\"><h3 class=\"uagb-heading-text\">Conception et r\u00e9alisation\u00a0:<\/h3><p class=\"uagb-desc-text\">De sites web, brochures, flyers, publications en ligne, communiqu\u00e9s de presse, dossiers de presse, relations m\u00e9dias, dossiers produits, fiches d\u2019information, etc.\u00a0: id\u00e9e, messages, contenu, r\u00e9daction, contr\u00f4le, coordination globale du projet.<\/p><\/div>\n<\/div>\n\n\n\n<div class=\"wp-block-uagb-container uagb-block-19cb31a8\">\n<figure class=\"wp-block-image size-full is-resized\"><img loading=\"lazy\" decoding=\"async\" width=\"900\" height=\"686\" src=\"https:\/\/www.nbccom.ch\/wp-content\/uploads\/2026\/02\/nbccom-projektmanagement.webp\" alt=\"nbccom gestion de projet\" class=\"wp-image-867\" style=\"object-fit:cover;width:700px;height:280px\" title=\"Accueil\" srcset=\"https:\/\/www.nbccom.ch\/wp-content\/uploads\/2026\/02\/nbccom-projektmanagement.webp 900w, https:\/\/www.nbccom.ch\/wp-content\/uploads\/2026\/02\/nbccom-projektmanagement-300x229.webp 300w, https:\/\/www.nbccom.ch\/wp-content\/uploads\/2026\/02\/nbccom-projektmanagement-768x585.webp 768w\" sizes=\"auto, (max-width: 900px) 100vw, 900px\" \/><figcaption class=\"wp-element-caption\">\u00a9 Meteo Swiss<\/figcaption><\/figure>\n\n\n\n<div class=\"wp-block-uagb-advanced-heading uagb-block-f593cf30\"><h3 class=\"uagb-heading-text\">Gestion de projet<\/h3><p class=\"uagb-desc-text\">Accompagnement en communication et soutien \u00e0 la direction pour les projets, y compris la mise en \u0153uvre. Organisation et animation dateliers.  <\/p><\/div>\n<\/div>\n\n\n\n<div class=\"wp-block-uagb-container uagb-block-ca1a8f9d\">\n<figure class=\"wp-block-image size-full is-resized\"><img loading=\"lazy\" decoding=\"async\" width=\"900\" height=\"674\" src=\"https:\/\/www.nbccom.ch\/wp-content\/uploads\/2026\/02\/nbccom-langfristige-begleitung-a9.webp\" alt=\"nbccom accompagnement &#xE0; long terme a9\" class=\"wp-image-869\" style=\"object-fit:cover;width:700px;height:280px\" title=\"Accueil\" srcset=\"https:\/\/www.nbccom.ch\/wp-content\/uploads\/2026\/02\/nbccom-langfristige-begleitung-a9.webp 900w, https:\/\/www.nbccom.ch\/wp-content\/uploads\/2026\/02\/nbccom-langfristige-begleitung-a9-300x225.webp 300w, https:\/\/www.nbccom.ch\/wp-content\/uploads\/2026\/02\/nbccom-langfristige-begleitung-a9-768x575.webp 768w\" sizes=\"auto, (max-width: 900px) 100vw, 900px\" \/><figcaption class=\"wp-element-caption\">\u00a9 A9<\/figcaption><\/figure>\n\n\n\n<div class=\"wp-block-uagb-advanced-heading uagb-block-4dcd82b6\"><h3 class=\"uagb-heading-text\">Accompagnement \u00e0 long terme<\/h3><p class=\"uagb-desc-text\">Des associations, entreprises, institutions et personnalit\u00e9s dans les domaines de la communication, du leadership et des processus de changement.<\/p><\/div>\n<\/div>\n\n\n\n<div class=\"wp-block-uagb-container uagb-block-ebbae7f1\">\n<figure class=\"wp-block-image size-full is-resized\"><img loading=\"lazy\" decoding=\"async\" width=\"900\" height=\"600\" src=\"https:\/\/www.nbccom.ch\/wp-content\/uploads\/2026\/02\/nbccom-uebersetzungen-900px.webp\" alt=\"nbccom traductions\" class=\"wp-image-861\" style=\"object-fit:cover;width:700px;height:280px\" title=\"Accueil\" srcset=\"https:\/\/www.nbccom.ch\/wp-content\/uploads\/2026\/02\/nbccom-uebersetzungen-900px.webp 900w, https:\/\/www.nbccom.ch\/wp-content\/uploads\/2026\/02\/nbccom-uebersetzungen-900px-300x200.webp 300w, https:\/\/www.nbccom.ch\/wp-content\/uploads\/2026\/02\/nbccom-uebersetzungen-900px-768x512.webp 768w\" sizes=\"auto, (max-width: 900px) 100vw, 900px\" \/><\/figure>\n\n\n\n<div class=\"wp-block-uagb-advanced-heading uagb-block-4d3e54d4\"><h3 class=\"uagb-heading-text\">Traductions f &#8211; a et relecture<\/h3><p class=\"uagb-desc-text\">Des textes exigeants sur le plan communicationnel (p. ex. pour des publications d&rsquo;entreprise)<\/p><\/div>\n<\/div>\n\n\n\n<div class=\"wp-block-uagb-container uagb-block-19ef29e2\">\n<figure class=\"wp-block-image size-full is-resized\"><img loading=\"lazy\" decoding=\"async\" width=\"900\" height=\"1273\" src=\"https:\/\/www.nbccom.ch\/wp-content\/uploads\/2026\/02\/nbccom-Taetigkeit-Unternehmen-Institutionen-Verbaende.webp\" alt=\"nbccom activit&#xE9; entreprises institutions associations\" class=\"wp-image-871\" style=\"object-fit:cover;width:700px;height:280px\" title=\"Accueil\" srcset=\"https:\/\/www.nbccom.ch\/wp-content\/uploads\/2026\/02\/nbccom-Taetigkeit-Unternehmen-Institutionen-Verbaende.webp 900w, https:\/\/www.nbccom.ch\/wp-content\/uploads\/2026\/02\/nbccom-Taetigkeit-Unternehmen-Institutionen-Verbaende-212x300.webp 212w, https:\/\/www.nbccom.ch\/wp-content\/uploads\/2026\/02\/nbccom-Taetigkeit-Unternehmen-Institutionen-Verbaende-724x1024.webp 724w, https:\/\/www.nbccom.ch\/wp-content\/uploads\/2026\/02\/nbccom-Taetigkeit-Unternehmen-Institutionen-Verbaende-768x1086.webp 768w\" sizes=\"auto, (max-width: 900px) 100vw, 900px\" \/><figcaption class=\"wp-element-caption\">\u00a9 M\u00e9t\u00e9oSuisse<\/figcaption><\/figure>\n\n\n\n<div class=\"wp-block-uagb-advanced-heading uagb-block-d27b6623\"><h3 class=\"uagb-heading-text\">Activit\u00e9 pour les entreprises, institutions et associations<\/h3><p class=\"uagb-desc-text\">Dans des secteurs dactivit\u00e9 tr\u00e8s vari\u00e9s, avec une excellente connaissance de l\u00e9conomie valaisanne et de lenvironnement socio-\u00e9conomique.<\/p><\/div>\n<\/div>\n<\/div>\n<\/div><\/div>\n\n<div class=\"wp-block-uagb-container uagb-layout-grid uagb-block-d679b530 alignfull uagb-is-root-container\">\n<div class=\"wp-block-uagb-image uagb-block-d37f2b5e wp-block-uagb-image--layout-default wp-block-uagb-image--effect-static wp-block-uagb-image--align-none\"><figure class=\"wp-block-uagb-image__figure\"><img decoding=\"async\" srcset=\"https:\/\/www.nbccom.ch\/wp-content\/uploads\/2026\/01\/nbc-communications-05.jpg ,https:\/\/www.nbccom.ch\/wp-content\/uploads\/2026\/01\/nbc-communications-05.jpg 780w, https:\/\/www.nbccom.ch\/wp-content\/uploads\/2026\/01\/nbc-communications-05.jpg 360w\" sizes=\"auto, (max-width: 480px) 150px\" src=\"https:\/\/www.nbccom.ch\/wp-content\/uploads\/2026\/01\/nbc-communications-05.jpg\" alt=\"nbc-communications-05\" class=\"uag-image-743\" width=\"1120\" height=\"700\" title=\"cta-bg\" loading=\"lazy\" role=\"img\"><\/figure><\/div>\n\n\n\n<div class=\"wp-block-uagb-info-box uagb-block-a8866e9a uagb-infobox__content-wrap  uagb-infobox-icon-above-title uagb-infobox-image-valign-top\"><div class=\"uagb-ifb-content\"><div class=\"uagb-ifb-title-wrap\"><h2 class=\"uagb-ifb-title-prefix\">Votre communication \u2013 mon expertise.<\/h2><h3 class=\"uagb-ifb-title\">Je vous soutiens en arri\u00e8re-plan. Avec discr\u00e9tion et professionnalisme.<\/h3><\/div><div class=\"uagb-ifb-button-wrapper wp-block-button\"><a href=\"https:\/\/www.nbccom.ch\/fr\/contact\/\" class=\"uagb-infobox-cta-link wp-block-button__link\" target=\"_self\" rel=\"noopener noreferrer\" onclick=\"return true;\"><span class=\"uagb-inline-editing\">Contactez-moi maintenant<\/span><\/a><\/div><\/div><\/div>\n<\/div>\n\n<div id=\"Branchen\" class=\"wp-block-uagb-container uagb-layout-grid uagb-block-3f32610c alignfull uagb-is-root-container\"><div class=\"uagb-container-inner-blocks-wrap\">\n<div class=\"wp-block-uagb-container uagb-block-1fd127f8\">\n<div class=\"wp-block-uagb-info-box uagb-block-88a3ba9e uagb-infobox__content-wrap  uagb-infobox-icon-above-title uagb-infobox-image-valign-top\"><div class=\"uagb-ifb-content\"><div class=\"uagb-ifb-title-wrap\"><h2 class=\"uagb-ifb-title-prefix\">Vos avantages avec nbc communications<\/h2><h3 class=\"uagb-ifb-title\">Activit\u00e9 pour les entreprises, institutions, associations et particuliers<\/h3><\/div><div class=\"uagb-ifb-separator\"><\/div><\/div><\/div>\n\n\n\n<ul class=\"wp-block-list\">\n<li>Construction et ing\u00e9nierie<\/li>\n\n\n\n<li>Remont\u00e9es m\u00e9caniques et tourisme<\/li>\n\n\n\n<li>\u00c9nergie<\/li>\n\n\n\n<li>Administration cantonale<\/li>\n\n\n\n<li>Institutions de droit public<\/li>\n\n\n\n<li>Communes<\/li>\n\n\n\n<li>Secteur social et sant\u00e9<\/li>\n<\/ul>\n<\/div>\n\n\n\n<div class=\"wp-block-uagb-container uagb-block-9afbe7c8\">\n<div class=\"wp-block-uagb-advanced-heading uagb-block-f8754bdd\"><h4 class=\"uagb-heading-text\">Activit\u00e9 pour les entreprises, institutions et associations<\/h4><p class=\"uagb-desc-text\">dans les secteurs les plus divers et, par cons\u00e9quent, une tr\u00e8s bonne connaissance de l\u00e9conomie valaisanne et de lenvironnement socio-\u00e9conomique.<\/p><div class=\"uagb-separator\"><\/div><\/div>\n\n\n\n<div class=\"wp-block-uagb-advanced-heading uagb-block-0517b367\"><h4 class=\"uagb-heading-text\">Discr\u00e9tion garantie :<\/h4><p class=\"uagb-desc-text\">Quil sagisse dun besoin ponctuel ou r\u00e9current, je vous conseille volontiers, de mani\u00e8re adapt\u00e9e \u00e0 votre secteur et \u00e0 vos besoins. Vous communiquez et jassure le support en arri\u00e8re-plan.<\/p><div class=\"uagb-separator\"><\/div><\/div>\n\n\n\n<div class=\"wp-block-uagb-advanced-heading uagb-block-4fa0a27c\"><h4 class=\"uagb-heading-text\">Ma r\u00e9f\u00e9rence, cest votre satisfaction :<\/h4><p class=\"uagb-desc-text\">Comme jaccorde de limportance \u00e0 la discr\u00e9tion, je ne publie ni liste de r\u00e9f\u00e9rences ni t\u00e9moignages de clients. Peut-\u00eatre juste ceci : jai d\u00e9j\u00e0 eu le privil\u00e8ge de conseiller environ 80 entreprises, institutions ou associations et de leur fournir des prestations de communication.<\/p><div class=\"uagb-separator\"><\/div><\/div>\n<\/div>\n<\/div><\/div>\n\n<div class=\"wp-block-uagb-container uagb-block-3c036b9e alignfull uagb-is-root-container\"><div class=\"uagb-container-inner-blocks-wrap\">\n<div class=\"wp-block-uagb-info-box uagb-block-b7b444f5 uagb-infobox__content-wrap  uagb-infobox-icon-above-title uagb-infobox-image-valign-top\"><div class=\"uagb-ifb-content\"><div class=\"uagb-ifb-separator\"><\/div><div class=\"uagb-ifb-title-wrap\"><h2 class=\"uagb-ifb-title-prefix\">Contact<\/h2><h3 class=\"uagb-ifb-title\">Contactez-moi pour une consultation personnalis\u00e9e<\/h3><\/div><div class=\"uagb-ifb-button-wrapper wp-block-button\"><a href=\"https:\/\/www.nbccom.ch\/fr\/contact\/\" class=\"uagb-infobox-cta-link wp-block-button__link\" target=\"_self\" rel=\"noopener noreferrer\" onclick=\"return true;\"><span class=\"uagb-inline-editing\">Contactez-moi maintenant<\/span><\/a><\/div><\/div><\/div>\n<\/div><\/div>\n","protected":false},"excerpt":{"rendered":"<p>Offre Support en communication de management\u00a0: Communication de crise, concepts de communication, conseil en communication, communication interne, s\u00e9ances d\u2019information, media [&hellip;]<\/p>\n","protected":false},"author":4,"featured_media":0,"parent":0,"menu_order":0,"comment_status":"closed","ping_status":"closed","template":"","meta":{"_uag_custom_page_level_css":"","site-sidebar-layout":"default","site-content-layout":"","ast-site-content-layout":"default","site-content-style":"default","site-sidebar-style":"default","ast-global-header-display":"","ast-banner-title-visibility":"","ast-main-header-display":"","ast-hfb-above-header-display":"","ast-hfb-below-header-display":"","ast-hfb-mobile-header-display":"","site-post-title":"disabled","ast-breadcrumbs-content":"","ast-featured-img":"","footer-sml-layout":"","ast-disable-related-posts":"","theme-transparent-header-meta":"","adv-header-id-meta":"","stick-header-meta":"","header-above-stick-meta":"","header-main-stick-meta":"","header-below-stick-meta":"","astra-migrate-meta-layouts":"default","ast-page-background-enabled":"default","ast-page-background-meta":{"desktop":{"background-color":"var(--ast-global-color-4)","background-image":"","background-repeat":"repeat","background-position":"center center","background-size":"auto","background-attachment":"scroll","background-type":"","background-media":"","overlay-type":"","overlay-color":"","overlay-opacity":"","overlay-gradient":""},"tablet":{"background-color":"","background-image":"","background-repeat":"repeat","background-position":"center center","background-size":"auto","background-attachment":"scroll","background-type":"","background-media":"","overlay-type":"","overlay-color":"","overlay-opacity":"","overlay-gradient":""},"mobile":{"background-color":"","background-image":"","background-repeat":"repeat","background-position":"center center","background-size":"auto","background-attachment":"scroll","background-type":"","background-media":"","overlay-type":"","overlay-color":"","overlay-opacity":"","overlay-gradient":""}},"ast-content-background-meta":{"desktop":{"background-color":"var(--ast-global-color-5)","background-image":"","background-repeat":"repeat","background-position":"center center","background-size":"auto","background-attachment":"scroll","background-type":"","background-media":"","overlay-type":"","overlay-color":"","overlay-opacity":"","overlay-gradient":""},"tablet":{"background-color":"var(--ast-global-color-5)","background-image":"","background-repeat":"repeat","background-position":"center center","background-size":"auto","background-attachment":"scroll","background-type":"","background-media":"","overlay-type":"","overlay-color":"","overlay-opacity":"","overlay-gradient":""},"mobile":{"background-color":"var(--ast-global-color-5)","background-image":"","background-repeat":"repeat","background-position":"center center","background-size":"auto","background-attachment":"scroll","background-type":"","background-media":"","overlay-type":"","overlay-color":"","overlay-opacity":"","overlay-gradient":""}},"footnotes":""},"class_list":["post-918","page","type-page","status-publish","hentry"],"uagb_featured_image_src":{"full":false,"thumbnail":false,"medium":false,"medium_large":false,"large":false,"1536x1536":false,"2048x2048":false},"uagb_author_info":{"display_name":"tgbkbhvthabz","author_link":"https:\/\/www.nbccom.ch\/fr\/author\/tgbkbhvthabz\/"},"uagb_comment_info":0,"uagb_excerpt":"Offre Support en communication de management\u00a0: Communication de crise, concepts de communication, conseil en communication, communication interne, s\u00e9ances d\u2019information, media [&hellip;]","_links":{"self":[{"href":"https:\/\/www.nbccom.ch\/fr\/wp-json\/wp\/v2\/pages\/918","targetHints":{"allow":["GET"]}}],"collection":[{"href":"https:\/\/www.nbccom.ch\/fr\/wp-json\/wp\/v2\/pages"}],"about":[{"href":"https:\/\/www.nbccom.ch\/fr\/wp-json\/wp\/v2\/types\/page"}],"author":[{"embeddable":true,"href":"https:\/\/www.nbccom.ch\/fr\/wp-json\/wp\/v2\/users\/4"}],"replies":[{"embeddable":true,"href":"https:\/\/www.nbccom.ch\/fr\/wp-json\/wp\/v2\/comments?post=918"}],"version-history":[{"count":83,"href":"https:\/\/www.nbccom.ch\/fr\/wp-json\/wp\/v2\/pages\/918\/revisions"}],"predecessor-version":[{"id":1102,"href":"https:\/\/www.nbccom.ch\/fr\/wp-json\/wp\/v2\/pages\/918\/revisions\/1102"}],"wp:attachment":[{"href":"https:\/\/www.nbccom.ch\/fr\/wp-json\/wp\/v2\/media?parent=918"}],"curies":[{"name":"wp","href":"https:\/\/api.w.org\/{rel}","templated":true}]}}