{"id":930,"date":"2026-01-27T14:42:52","date_gmt":"2026-01-27T14:42:52","guid":{"rendered":"https:\/\/www.nbccom.ch\/a-propos\/"},"modified":"2026-03-23T18:57:05","modified_gmt":"2026-03-23T18:57:05","slug":"a-propos","status":"publish","type":"page","link":"https:\/\/www.nbccom.ch\/fr\/a-propos\/","title":{"rendered":"\u00c0 propos"},"content":{"rendered":"\n<div class=\"wp-block-uagb-container uagb-layout-grid uagb-block-ec03cdf8 alignfull uagb-is-root-container\"><div class=\"uagb-container-inner-blocks-wrap\">\n<div class=\"wp-block-uagb-advanced-heading uagb-block-d83494c5\"><h1 class=\"uagb-heading-text\">\u00c0 propos de moi<\/h1><p class=\"uagb-desc-text\">Nicole Carron-Bayard. 30 ans dexp\u00e9rience en communication : flexible, efficace, discr\u00e8te et structur\u00e9e. Dr rer. pol. (sciences \u00e9conomiques) et Master en Communications Management.    <\/p><\/div>\n<\/div><\/div>\n\n\n\n<div class=\"wp-block-uagb-container uagb-layout-grid uagb-block-174f06df alignfull uagb-is-root-container\"><div class=\"uagb-container-inner-blocks-wrap\">\n<div class=\"wp-block-uagb-container uagb-block-d04eceec\">\n<div class=\"wp-block-uagb-image uagb-block-d672ed91 wp-block-uagb-image--layout-default wp-block-uagb-image--effect-static wp-block-uagb-image--align-none\"><figure class=\"wp-block-uagb-image__figure\"><img decoding=\"async\" srcset=\"https:\/\/www.nbccom.ch\/wp-content\/uploads\/2026\/01\/Nicole-Carron-Bayard-sw.webp ,https:\/\/www.nbccom.ch\/wp-content\/uploads\/2026\/01\/Nicole-Carron-Bayard-sw.webp 780w, https:\/\/www.nbccom.ch\/wp-content\/uploads\/2026\/01\/Nicole-Carron-Bayard-sw.webp 360w\" sizes=\"auto, (max-width: 480px) 150px\" src=\"https:\/\/www.nbccom.ch\/wp-content\/uploads\/2026\/01\/Nicole-Carron-Bayard-sw.webp\" alt=\"nicole carron bayard sw\" class=\"uag-image-780\" width=\"480\" height=\"500\" title=\"nicole carron bayard sw\" loading=\"lazy\" role=\"img\"\/><\/figure><\/div>\n<\/div>\n\n\n\n<div class=\"wp-block-uagb-container uagb-block-cb1bbedb\">\n<div class=\"wp-block-uagb-info-box uagb-block-6a2637d6 uagb-infobox__content-wrap  uagb-infobox-icon-above-title uagb-infobox-image-valign-top\"><div class=\"uagb-ifb-content\"><div class=\"uagb-ifb-title-wrap\"><h2 class=\"uagb-ifb-title-prefix\">Exp\u00e9rience<\/h2><\/div><div class=\"uagb-ifb-separator\"><\/div><p class=\"uagb-ifb-desc\">Depuis pr\u00e8s de 30 ans, la gestion de la communication fa\u00e7onne mon activit\u00e9 professionnelle. J\u2019ai travaill\u00e9 dans diff\u00e9rents secteurs et, dans le cadre de mon activit\u00e9 ind\u00e9pendante, j\u2019ai d\u00e9j\u00e0 conseill\u00e9 plus de 80 entreprises, institutions et associations. <\/p><\/div><\/div>\n\n\n\n<div class=\"wp-block-uagb-container uagb-layout-grid uagb-block-c5e8066c\">\n<div class=\"wp-block-uagb-counter uagb-block-aa6d610d wp-block-uagb-counter--number\"><div class=\"wp-block-uagb-counter__number\"><span class=\"uagb-counter-block-number\" data-duration=\"1.5\" data-to-value=\"30\" data-from-value=\"0\" data-delimiter=\",\"><\/span><\/div><div class=\"wp-block-uagb-counter__title\">ann\u00e9es d&rsquo;experience<\/div><\/div>\n\n\n\n<div class=\"wp-block-uagb-counter uagb-block-b85b125e wp-block-uagb-counter--number\"><div class=\"wp-block-uagb-counter__number\"><span class=\"uagb-counter-block-number\" data-duration=\"1.5\" data-to-value=\"80\" data-from-value=\"0\" data-delimiter=\",\"><\/span><span class=\"uagb-counter-block-suffix\">+<\/span><\/div><div class=\"wp-block-uagb-counter__title\">clients satisfaits<\/div><\/div>\n\n\n\n<div class=\"wp-block-uagb-counter uagb-block-386a820b wp-block-uagb-counter--number\"><div class=\"wp-block-uagb-counter__number\"><span class=\"uagb-counter-block-number\" data-duration=\"1.5\" data-to-value=\"20\" data-from-value=\"0\" data-delimiter=\",\"><\/span><span class=\"uagb-counter-block-suffix\">+<\/span><\/div><div class=\"wp-block-uagb-counter__title\">branches divers<\/div><\/div>\n<\/div>\n<\/div>\n<\/div><\/div>\n\n\n\n<div class=\"wp-block-uagb-container uagb-layout-grid uagb-block-3e46b6ca alignfull uagb-is-root-container\"><div class=\"uagb-container-inner-blocks-wrap\">\n<div class=\"wp-block-uagb-info-box uagb-block-48f046df uagb-infobox__content-wrap  uagb-infobox-icon-above-title uagb-infobox-image-valign-top\"><div class=\"uagb-ifb-content\"><div class=\"uagb-ifb-title-wrap\"><h2 class=\"uagb-ifb-title-prefix\">Atouts personnels<\/h2><\/div><div class=\"uagb-ifb-separator\"><\/div><p class=\"uagb-ifb-desc\">La flexibilit\u00e9, une compr\u00e9hension rapide, une m\u00e9thode de travail efficace et structur\u00e9e ainsi que la discr\u00e9tion caract\u00e9risent mon style. Dans le canton bilingue du Valais, mes comp\u00e9tences linguistiques constituent un atout. <\/p><\/div><\/div>\n\n\n\n<div class=\"wp-block-uagb-container uagb-block-022ed99d\">\n<div class=\"wp-block-uagb-image uagb-block-ce4cd9a4 wp-block-uagb-image--layout-default wp-block-uagb-image--effect-static wp-block-uagb-image--align-none\"><figure class=\"wp-block-uagb-image__figure\"><img decoding=\"async\" srcset=\"https:\/\/www.nbccom.ch\/wp-content\/uploads\/2026\/02\/nbccom-communications-staerken-768x1024.webp ,https:\/\/www.nbccom.ch\/wp-content\/uploads\/2026\/02\/nbccom-communications-staerken.webp 780w, https:\/\/www.nbccom.ch\/wp-content\/uploads\/2026\/02\/nbccom-communications-staerken.webp 360w\" sizes=\"auto, (max-width: 480px) 150px\" src=\"https:\/\/www.nbccom.ch\/wp-content\/uploads\/2026\/02\/nbccom-communications-staerken-768x1024.webp\" alt=\"nbccom communications staerken\" class=\"uag-image-881\" width=\"480\" height=\"500\" title=\"nbccom communications staerken\" loading=\"lazy\" role=\"img\"\/><\/figure><\/div>\n<\/div>\n<\/div><\/div>\n\n\n\n<div class=\"wp-block-uagb-container uagb-layout-grid uagb-block-71a2c0db alignfull uagb-is-root-container\"><div class=\"uagb-container-inner-blocks-wrap\">\n<div class=\"wp-block-uagb-container uagb-block-db4af4b8\">\n<div class=\"wp-block-uagb-image uagb-block-78e6fc9f wp-block-uagb-image--layout-default wp-block-uagb-image--effect-static wp-block-uagb-image--align-none\"><figure class=\"wp-block-uagb-image__figure\"><img decoding=\"async\" srcset=\"https:\/\/www.nbccom.ch\/wp-content\/uploads\/2026\/02\/grundlagen-nbccom-communications.webp ,https:\/\/www.nbccom.ch\/wp-content\/uploads\/2026\/02\/grundlagen-nbccom-communications.webp 780w, https:\/\/www.nbccom.ch\/wp-content\/uploads\/2026\/02\/grundlagen-nbccom-communications.webp 360w\" sizes=\"auto, (max-width: 480px) 150px\" src=\"https:\/\/www.nbccom.ch\/wp-content\/uploads\/2026\/02\/grundlagen-nbccom-communications.webp\" alt=\"grundlagen nbccom communications\" class=\"uag-image-883\" width=\"480\" height=\"500\" title=\"grundlagen nbccom communications\" loading=\"lazy\" role=\"img\"\/><\/figure><\/div>\n<\/div>\n\n\n\n<div class=\"wp-block-uagb-container uagb-block-02363d4b\">\n<div class=\"wp-block-uagb-info-box uagb-block-b4bb18ba uagb-infobox__content-wrap  uagb-infobox-icon-above-title uagb-infobox-image-valign-top\"><div class=\"uagb-ifb-content\"><div class=\"uagb-ifb-title-wrap\"><h2 class=\"uagb-ifb-title-prefix\">Fondements<\/h2><\/div><div class=\"uagb-ifb-separator\"><\/div><p class=\"uagb-ifb-desc\">Mes fondements professionnels reposent sur des \u00e9tudes en sciences \u00e9conomiques, avec un doctorat \u00e0 l&rsquo;Universit\u00e9 de Berne (Institut RH et Organisation), ainsi que sur un Master en Communications Management.<\/p><\/div><\/div>\n<\/div>\n<\/div><\/div>\n\n\n\n<div class=\"wp-block-uagb-container uagb-block-3c036b9e alignfull uagb-is-root-container\"><div class=\"uagb-container-inner-blocks-wrap\">\n<div class=\"wp-block-uagb-info-box uagb-block-b7b444f5 uagb-infobox__content-wrap  uagb-infobox-icon-above-title uagb-infobox-image-valign-top\"><div class=\"uagb-ifb-content\"><div class=\"uagb-ifb-separator\"><\/div><div class=\"uagb-ifb-title-wrap\"><h2 class=\"uagb-ifb-title-prefix\">Contact<\/h2><h3 class=\"uagb-ifb-title\">Contactez-moi pour une consultation personnalis\u00e9e<\/h3><\/div><div class=\"uagb-ifb-button-wrapper wp-block-button\"><a href=\"https:\/\/www.nbccom.ch\/fr\/contact\/\" class=\"uagb-infobox-cta-link wp-block-button__link\" target=\"_self\" rel=\"noopener noreferrer\" onclick=\"return true;\"><span class=\"uagb-inline-editing\">Contactez-moi maintenant<\/span><\/a><\/div><\/div><\/div>\n<\/div><\/div>\n","protected":false},"excerpt":{"rendered":"<p>\u00c0 propos de moi Nicole Carron-Bayard. 30 ans dexp\u00e9rience en communication : flexible, efficace, discr\u00e8te et structur\u00e9e. Dr rer. pol. [&hellip;]<\/p>\n","protected":false},"author":4,"featured_media":0,"parent":0,"menu_order":0,"comment_status":"closed","ping_status":"closed","template":"","meta":{"_uag_custom_page_level_css":"","site-sidebar-layout":"default","site-content-layout":"","ast-site-content-layout":"default","site-content-style":"default","site-sidebar-style":"default","ast-global-header-display":"","ast-banner-title-visibility":"","ast-main-header-display":"","ast-hfb-above-header-display":"","ast-hfb-below-header-display":"","ast-hfb-mobile-header-display":"","site-post-title":"disabled","ast-breadcrumbs-content":"","ast-featured-img":"","footer-sml-layout":"","ast-disable-related-posts":"","theme-transparent-header-meta":"","adv-header-id-meta":"","stick-header-meta":"","header-above-stick-meta":"","header-main-stick-meta":"","header-below-stick-meta":"","astra-migrate-meta-layouts":"default","ast-page-background-enabled":"default","ast-page-background-meta":{"desktop":{"background-color":"var(--ast-global-color-4)","background-image":"","background-repeat":"repeat","background-position":"center center","background-size":"auto","background-attachment":"scroll","background-type":"","background-media":"","overlay-type":"","overlay-color":"","overlay-opacity":"","overlay-gradient":""},"tablet":{"background-color":"","background-image":"","background-repeat":"repeat","background-position":"center center","background-size":"auto","background-attachment":"scroll","background-type":"","background-media":"","overlay-type":"","overlay-color":"","overlay-opacity":"","overlay-gradient":""},"mobile":{"background-color":"","background-image":"","background-repeat":"repeat","background-position":"center center","background-size":"auto","background-attachment":"scroll","background-type":"","background-media":"","overlay-type":"","overlay-color":"","overlay-opacity":"","overlay-gradient":""}},"ast-content-background-meta":{"desktop":{"background-color":"var(--ast-global-color-5)","background-image":"","background-repeat":"repeat","background-position":"center center","background-size":"auto","background-attachment":"scroll","background-type":"","background-media":"","overlay-type":"","overlay-color":"","overlay-opacity":"","overlay-gradient":""},"tablet":{"background-color":"var(--ast-global-color-5)","background-image":"","background-repeat":"repeat","background-position":"center center","background-size":"auto","background-attachment":"scroll","background-type":"","background-media":"","overlay-type":"","overlay-color":"","overlay-opacity":"","overlay-gradient":""},"mobile":{"background-color":"var(--ast-global-color-5)","background-image":"","background-repeat":"repeat","background-position":"center center","background-size":"auto","background-attachment":"scroll","background-type":"","background-media":"","overlay-type":"","overlay-color":"","overlay-opacity":"","overlay-gradient":""}},"footnotes":""},"class_list":["post-930","page","type-page","status-publish","hentry"],"uagb_featured_image_src":{"full":false,"thumbnail":false,"medium":false,"medium_large":false,"large":false,"1536x1536":false,"2048x2048":false},"uagb_author_info":{"display_name":"tgbkbhvthabz","author_link":"https:\/\/www.nbccom.ch\/fr\/author\/tgbkbhvthabz\/"},"uagb_comment_info":0,"uagb_excerpt":"\u00c0 propos de moi Nicole Carron-Bayard. 30 ans dexp\u00e9rience en communication : flexible, efficace, discr\u00e8te et structur\u00e9e. Dr rer. pol. [&hellip;]","_links":{"self":[{"href":"https:\/\/www.nbccom.ch\/fr\/wp-json\/wp\/v2\/pages\/930","targetHints":{"allow":["GET"]}}],"collection":[{"href":"https:\/\/www.nbccom.ch\/fr\/wp-json\/wp\/v2\/pages"}],"about":[{"href":"https:\/\/www.nbccom.ch\/fr\/wp-json\/wp\/v2\/types\/page"}],"author":[{"embeddable":true,"href":"https:\/\/www.nbccom.ch\/fr\/wp-json\/wp\/v2\/users\/4"}],"replies":[{"embeddable":true,"href":"https:\/\/www.nbccom.ch\/fr\/wp-json\/wp\/v2\/comments?post=930"}],"version-history":[{"count":3,"href":"https:\/\/www.nbccom.ch\/fr\/wp-json\/wp\/v2\/pages\/930\/revisions"}],"predecessor-version":[{"id":1098,"href":"https:\/\/www.nbccom.ch\/fr\/wp-json\/wp\/v2\/pages\/930\/revisions\/1098"}],"wp:attachment":[{"href":"https:\/\/www.nbccom.ch\/fr\/wp-json\/wp\/v2\/media?parent=930"}],"curies":[{"name":"wp","href":"https:\/\/api.w.org\/{rel}","templated":true}]}}