{"id":937,"date":"2026-03-20T16:13:09","date_gmt":"2026-03-20T16:13:09","guid":{"rendered":"https:\/\/www.nbccom.ch\/mentions-legales\/"},"modified":"2026-03-20T16:54:48","modified_gmt":"2026-03-20T16:54:48","slug":"mentions-legales","status":"publish","type":"page","link":"https:\/\/www.nbccom.ch\/fr\/mentions-legales\/","title":{"rendered":"Mentions l\u00e9gales"},"content":{"rendered":"\n<div class=\"wp-block-uagb-container uagb-layout-grid uagb-block-ec03cdf8 alignfull uagb-is-root-container\"><div class=\"uagb-container-inner-blocks-wrap\">\n<div class=\"wp-block-uagb-advanced-heading uagb-block-d83494c5\"><h1 class=\"uagb-heading-text\">Mentions l\u00e9gales<\/h1><\/div>\n<\/div><\/div>\n\n<div class=\"wp-block-uagb-container uagb-layout-grid uagb-block-6f61460f alignfull uagb-is-root-container\"><div class=\"uagb-container-inner-blocks-wrap\">\n<p>Mentions l\u00e9gales<\/p>\n\n\n\n<h2 class=\"wp-block-heading\" id=\"m46\">Prestataire de services<\/h2>\n\n\n\n<p>Nicole Carron-Bayard<\/p>\n\n\n\n<p>Waldstrasse 27,<\/p>\n\n\n\n<p>3952 Susten<\/p>\n\n\n\n<p>Suisse<\/p>\n\n\n\n<h2 class=\"wp-block-heading\" id=\"m56\">Contact<\/h2>\n\n\n\n<p>Adresse e-mail : <a href=\"mailto:mail@nbccom.ch\">mail@nbccom.ch<\/a><\/p>\n\n\n\n<p>T\u00e9l\u00e9phone : +41 79 963 39 48<\/p>\n\n\n\n<p><a href=\"https:\/\/datenschutz-generator.de\/\" target=\"_blank\" rel=\"noreferrer noopener\">G\u00e9n\u00e9r\u00e9 avec le g\u00e9n\u00e9rateur de politique de confidentialit\u00e9 gratuit.de par Dr. Thomas Schwenke<\/a><\/p>\n\n\n\n<h2 class=\"wp-block-heading\" id=\"m56\">Avis de responsabilit\u00e9 et de droits de propri\u00e9t\u00e9 intellectuelle<\/h2>\n\n\n\n<p>Clause de non-responsabilit\u00e9 : Le contenu de cette offre en ligne a \u00e9t\u00e9 \u00e9labor\u00e9 avec le plus grand soin et selon nos connaissances actuelles. Il est cependant fourni \u00e0 titre informatif uniquement et n\u2019a aucune valeur juridique contraignante, sauf s\u2019il s\u2019agit d\u2019informations l\u00e9galement obligatoires (par exemple, les mentions l\u00e9gales, la d\u00e9claration de confidentialit\u00e9, les conditions g\u00e9n\u00e9rales de vente ou les informations obligatoires destin\u00e9es aux consommateurs). Nous nous r\u00e9servons le droit de modifier ou de supprimer tout ou partie du contenu, pour autant que les obligations contractuelles restent inchang\u00e9es. Toutes les offres sont sans engagement et non contractuelles.  <\/p>\n\n\n\n<p>Liens vers des sites web tiers : Le contenu de sites web tiers auxquels nous faisons r\u00e9f\u00e9rence directement ou indirectement ne rel\u00e8ve pas de notre responsabilit\u00e9 et nous ne nous l\u2019approprions pas. Nous d\u00e9clinons toute responsabilit\u00e9 pour l\u2019ensemble des contenus et des pr\u00e9judices r\u00e9sultant de l\u2019utilisation des informations accessibles sur les sites web li\u00e9s. <\/p>\n\n\n\n<p id=\"m56\">Droits d\u2019auteur et droits des marques : Tous les contenus pr\u00e9sent\u00e9s sur ce site web, tels que les textes, photographies, graphiques, marques et noms commerciaux, sont prot\u00e9g\u00e9s par les droits de propri\u00e9t\u00e9 intellectuelle respectifs (droits d\u2019auteur, droits des marques). L\u2019utilisation, la reproduction, etc., sont soumises \u00e0 nos droits ou aux droits des auteurs ou titulaires de droits respectifs. <\/p>\n\n\n\n<div style=\"height:100px\" aria-hidden=\"true\" class=\"wp-block-spacer\"><\/div>\n\n\n\n<h2 class=\"wp-block-heading\" id=\"m56\">Conception web<\/h2>\n\n\n\n<p><a href=\"https:\/\/www.nbccom.ch\/fr\/\" target=\"_blank\" rel=\"noreferrer noopener\">Conception web de l\u2019Oberwallis : www.augensaft.com<\/a><\/p>\n<\/div><\/div>\n","protected":false},"excerpt":{"rendered":"<p>Mentions l\u00e9gales Mentions l\u00e9gales Prestataire de services Nicole Carron-Bayard Waldstrasse 27, 3952 Susten Suisse Contact Adresse e-mail : mail@nbccom.ch T\u00e9l\u00e9phone [&hellip;]<\/p>\n","protected":false},"author":4,"featured_media":0,"parent":0,"menu_order":0,"comment_status":"closed","ping_status":"closed","template":"","meta":{"_uag_custom_page_level_css":"","site-sidebar-layout":"default","site-content-layout":"","ast-site-content-layout":"default","site-content-style":"default","site-sidebar-style":"default","ast-global-header-display":"","ast-banner-title-visibility":"","ast-main-header-display":"","ast-hfb-above-header-display":"","ast-hfb-below-header-display":"","ast-hfb-mobile-header-display":"","site-post-title":"disabled","ast-breadcrumbs-content":"","ast-featured-img":"","footer-sml-layout":"","ast-disable-related-posts":"","theme-transparent-header-meta":"","adv-header-id-meta":"","stick-header-meta":"","header-above-stick-meta":"","header-main-stick-meta":"","header-below-stick-meta":"","astra-migrate-meta-layouts":"default","ast-page-background-enabled":"default","ast-page-background-meta":{"desktop":{"background-color":"var(--ast-global-color-4)","background-image":"","background-repeat":"repeat","background-position":"center center","background-size":"auto","background-attachment":"scroll","background-type":"","background-media":"","overlay-type":"","overlay-color":"","overlay-opacity":"","overlay-gradient":""},"tablet":{"background-color":"","background-image":"","background-repeat":"repeat","background-position":"center center","background-size":"auto","background-attachment":"scroll","background-type":"","background-media":"","overlay-type":"","overlay-color":"","overlay-opacity":"","overlay-gradient":""},"mobile":{"background-color":"","background-image":"","background-repeat":"repeat","background-position":"center center","background-size":"auto","background-attachment":"scroll","background-type":"","background-media":"","overlay-type":"","overlay-color":"","overlay-opacity":"","overlay-gradient":""}},"ast-content-background-meta":{"desktop":{"background-color":"var(--ast-global-color-5)","background-image":"","background-repeat":"repeat","background-position":"center center","background-size":"auto","background-attachment":"scroll","background-type":"","background-media":"","overlay-type":"","overlay-color":"","overlay-opacity":"","overlay-gradient":""},"tablet":{"background-color":"var(--ast-global-color-5)","background-image":"","background-repeat":"repeat","background-position":"center center","background-size":"auto","background-attachment":"scroll","background-type":"","background-media":"","overlay-type":"","overlay-color":"","overlay-opacity":"","overlay-gradient":""},"mobile":{"background-color":"var(--ast-global-color-5)","background-image":"","background-repeat":"repeat","background-position":"center center","background-size":"auto","background-attachment":"scroll","background-type":"","background-media":"","overlay-type":"","overlay-color":"","overlay-opacity":"","overlay-gradient":""}},"footnotes":""},"class_list":["post-937","page","type-page","status-publish","hentry"],"uagb_featured_image_src":{"full":false,"thumbnail":false,"medium":false,"medium_large":false,"large":false,"1536x1536":false,"2048x2048":false},"uagb_author_info":{"display_name":"tgbkbhvthabz","author_link":"https:\/\/www.nbccom.ch\/fr\/author\/tgbkbhvthabz\/"},"uagb_comment_info":0,"uagb_excerpt":"Mentions l\u00e9gales Mentions l\u00e9gales Prestataire de services Nicole Carron-Bayard Waldstrasse 27, 3952 Susten Suisse Contact Adresse e-mail : mail@nbccom.ch T\u00e9l\u00e9phone [&hellip;]","_links":{"self":[{"href":"https:\/\/www.nbccom.ch\/fr\/wp-json\/wp\/v2\/pages\/937","targetHints":{"allow":["GET"]}}],"collection":[{"href":"https:\/\/www.nbccom.ch\/fr\/wp-json\/wp\/v2\/pages"}],"about":[{"href":"https:\/\/www.nbccom.ch\/fr\/wp-json\/wp\/v2\/types\/page"}],"author":[{"embeddable":true,"href":"https:\/\/www.nbccom.ch\/fr\/wp-json\/wp\/v2\/users\/4"}],"replies":[{"embeddable":true,"href":"https:\/\/www.nbccom.ch\/fr\/wp-json\/wp\/v2\/comments?post=937"}],"version-history":[{"count":2,"href":"https:\/\/www.nbccom.ch\/fr\/wp-json\/wp\/v2\/pages\/937\/revisions"}],"predecessor-version":[{"id":943,"href":"https:\/\/www.nbccom.ch\/fr\/wp-json\/wp\/v2\/pages\/937\/revisions\/943"}],"wp:attachment":[{"href":"https:\/\/www.nbccom.ch\/fr\/wp-json\/wp\/v2\/media?parent=937"}],"curies":[{"name":"wp","href":"https:\/\/api.w.org\/{rel}","templated":true}]}}