{"id":939,"date":"2026-01-27T14:42:52","date_gmt":"2026-01-27T14:42:52","guid":{"rendered":"https:\/\/www.nbccom.ch\/contact\/"},"modified":"2026-03-20T16:54:48","modified_gmt":"2026-03-20T16:54:48","slug":"contact","status":"publish","type":"page","link":"https:\/\/www.nbccom.ch\/fr\/contact\/","title":{"rendered":"Contact"},"content":{"rendered":"\n<div class=\"wp-block-uagb-container uagb-layout-grid uagb-block-ec03cdf8 alignfull uagb-is-root-container\"><div class=\"uagb-container-inner-blocks-wrap\">\n<div class=\"wp-block-uagb-advanced-heading uagb-block-d83494c5\"><h1 class=\"uagb-heading-text\">Contact<\/h1><p class=\"uagb-desc-text\">Contactez-moi pour des solutions de communication sur mesure et des conseils avis\u00e9s.<\/p><\/div>\n<\/div><\/div>\n\n<div class=\"wp-block-uagb-container uagb-layout-grid uagb-block-6f61460f alignfull uagb-is-root-container\"><div class=\"uagb-container-inner-blocks-wrap\">\n<div class=\"wp-block-uagb-container uagb-block-ebeaeaab\">\n<div class=\"wp-block-uagb-advanced-heading uagb-block-4b767b29\"><h2 class=\"uagb-heading-text\">Contactez-moi<\/h2><div class=\"uagb-separator\"><\/div><p class=\"uagb-desc-text\">Je me r\u00e9jouis de votre demande et me tiens \u00e0 votre enti\u00e8re disposition.<\/p><\/div>\n<\/div>\n\n\n\n<div class=\"wp-block-uagb-container uagb-block-a74c8a96\">\n<div class=\"wpcf7 no-js\" id=\"wpcf7-f929-o1\" lang=\"fr-FR\" dir=\"ltr\" data-wpcf7-id=\"929\">\n<div class=\"screen-reader-response\"><p role=\"status\" aria-live=\"polite\" aria-atomic=\"true\"><\/p> <ul><\/ul><\/div>\n<form action=\"\/fr\/wp-json\/wp\/v2\/pages\/939#wpcf7-f929-o1\" method=\"post\" class=\"wpcf7-form init\" aria-label=\"Formulaire de contact\" novalidate=\"novalidate\" data-status=\"init\">\n<fieldset class=\"hidden-fields-container\"><input type=\"hidden\" name=\"_wpcf7\" value=\"929\" \/><input type=\"hidden\" name=\"_wpcf7_version\" value=\"6.1.5\" \/><input type=\"hidden\" name=\"_wpcf7_locale\" value=\"fr_FR\" \/><input type=\"hidden\" name=\"_wpcf7_unit_tag\" value=\"wpcf7-f929-o1\" \/><input type=\"hidden\" name=\"_wpcf7_container_post\" value=\"0\" \/><input type=\"hidden\" name=\"_wpcf7_posted_data_hash\" value=\"\" \/>\n<\/fieldset>\n<p><span class=\"wpcf7-form-control-wrap\" data-name=\"Name\"><input size=\"40\" maxlength=\"400\" class=\"wpcf7-form-control wpcf7-text wpcf7-validates-as-required\" aria-required=\"true\" aria-invalid=\"false\" placeholder=\"* Pr\u00e9nom Nom :\" value=\"\" type=\"text\" name=\"Name\" \/><\/span><br \/>\n<span class=\"wpcf7-form-control-wrap\" data-name=\"E-Mail\"><input size=\"40\" maxlength=\"400\" class=\"wpcf7-form-control wpcf7-email wpcf7-validates-as-required wpcf7-text wpcf7-validates-as-email\" aria-required=\"true\" aria-invalid=\"false\" placeholder=\"* E-mail :\" value=\"\" type=\"email\" name=\"E-Mail\" \/><\/span><br \/>\n<span class=\"wpcf7-form-control-wrap\" data-name=\"Telefon\"><input size=\"40\" maxlength=\"400\" class=\"wpcf7-form-control wpcf7-text\" aria-invalid=\"false\" placeholder=\"T\u00e9l\u00e9phone (facultatif):\" value=\"\" type=\"text\" name=\"Telefon\" \/><\/span>\n<\/p>\n<p><span class=\"wpcf7-form-control-wrap\" data-name=\"textarea-Nachricht\"><textarea cols=\"40\" rows=\"10\" maxlength=\"2000\" class=\"wpcf7-form-control wpcf7-textarea\" aria-invalid=\"false\" placeholder=\"Message\" name=\"textarea-Nachricht\"><\/textarea><\/span>\n<\/p>\n<p><span id=\"wpcf7-6a05a6fa61806-wrapper\" class=\"wpcf7-form-control-wrap adresse-wrap\" style=\"display:none !important; visibility:hidden !important;\"><label for=\"wpcf7-6a05a6fa61806-field\" class=\"hp-message\">Veuillez laisser ce champ vide.<\/label><input id=\"wpcf7-6a05a6fa61806-field\"  class=\"wpcf7-form-control wpcf7-text\" type=\"text\" name=\"adresse\" value=\"\" size=\"40\" tabindex=\"-1\" autocomplete=\"new-password\" \/><\/span><span id=\"wpcf7-6a05a6fa61843-wrapper\" class=\"wpcf7-form-control-wrap plz-wrap\" style=\"display:none !important; visibility:hidden !important;\"><label for=\"wpcf7-6a05a6fa61843-field\" class=\"hp-message\">Veuillez laisser ce champ vide.<\/label><input id=\"wpcf7-6a05a6fa61843-field\"  class=\"wpcf7-form-control wpcf7-text\" type=\"text\" name=\"plz\" value=\"\" size=\"40\" tabindex=\"-1\" autocomplete=\"new-password\" \/><\/span><span id=\"wpcf7-6a05a6fa61870-wrapper\" class=\"wpcf7-form-control-wrap ort-wrap\" style=\"display:none !important; visibility:hidden !important;\"><label for=\"wpcf7-6a05a6fa61870-field\" class=\"hp-message\">Veuillez laisser ce champ vide.<\/label><input id=\"wpcf7-6a05a6fa61870-field\"  class=\"wpcf7-form-control wpcf7-text\" type=\"text\" name=\"ort\" value=\"\" size=\"40\" tabindex=\"-1\" autocomplete=\"new-password\" \/><\/span>\n<div class=\"wpcf7-response-output\" aria-hidden=\"true\"><\/div><input class=\"wpcf7-form-control wpcf7-submit has-spinner\" type=\"submit\" value=\"Envoyer\" \/>\n<\/p>\n<\/form>\n<\/div>\n\n<\/div>\n<\/div><\/div>\n\n<div class=\"wp-block-uagb-container uagb-layout-grid uagb-block-a7c2820d alignfull uagb-is-root-container\"><div class=\"uagb-container-inner-blocks-wrap\">\n<div class=\"wp-block-uagb-container uagb-block-31b0f3b0\">\n<div class=\"wp-block-uagb-image uagb-block-3b1985f7 wp-block-uagb-image--layout-default wp-block-uagb-image--effect-static wp-block-uagb-image--align-none\"><figure class=\"wp-block-uagb-image__figure\"><img decoding=\"async\" srcset=\"https:\/\/www.nbccom.ch\/wp-content\/uploads\/2026\/01\/Nicole-Carron-Bayard-sw.webp ,https:\/\/www.nbccom.ch\/wp-content\/uploads\/2026\/01\/Nicole-Carron-Bayard-sw.webp 780w, https:\/\/www.nbccom.ch\/wp-content\/uploads\/2026\/01\/Nicole-Carron-Bayard-sw.webp 360w\" sizes=\"auto, (max-width: 480px) 150px\" src=\"https:\/\/www.nbccom.ch\/wp-content\/uploads\/2026\/01\/Nicole-Carron-Bayard-sw.webp\" alt=\"nicole carron bayard sw\" class=\"uag-image-780\" width=\"480\" height=\"400\" title=\"nicole carron bayard sw\" loading=\"lazy\" role=\"img\"><\/figure><\/div>\n<\/div>\n\n\n\n<div class=\"wp-block-uagb-container uagb-block-2e191092\">\n<div class=\"wp-block-uagb-advanced-heading uagb-block-ce7cde1a\"><h2 class=\"uagb-heading-text\">Nicole Carron-Bayard<\/h2><\/div>\n\n\n\n<div class=\"wp-block-uagb-advanced-heading uagb-block-b6d24774\"><p class=\"uagb-heading-text\">T\u00e9l\u00e9phone : <a href=\"tel:+41799633948\">+41 79 963 39 48<\/a><\/p><div class=\"uagb-separator\"><\/div><\/div>\n\n\n\n<div class=\"wp-block-uagb-advanced-heading uagb-block-c0645965\"><p class=\"uagb-heading-text\">E-mail : <a href=\"mailto:mail@nbccom.ch\">mail@nbccom.ch<\/a><\/p><div class=\"uagb-separator\"><\/div><\/div>\n\n\n\n<div class=\"wp-block-uagb-advanced-heading uagb-block-65efa8e1\"><p class=\"uagb-heading-text\">Adresse : Waldstrasse 27, 3952 Susten<\/p><div class=\"uagb-separator\"><\/div><\/div>\n<\/div>\n<\/div><\/div>\n","protected":false},"excerpt":{"rendered":"<p>Contact Contactez-moi pour des solutions de communication sur mesure et des conseils avis\u00e9s. Contactez-moi Je me r\u00e9jouis de votre demande [&hellip;]<\/p>\n","protected":false},"author":4,"featured_media":0,"parent":0,"menu_order":0,"comment_status":"closed","ping_status":"closed","template":"","meta":{"_uag_custom_page_level_css":"","site-sidebar-layout":"default","site-content-layout":"","ast-site-content-layout":"default","site-content-style":"default","site-sidebar-style":"default","ast-global-header-display":"","ast-banner-title-visibility":"","ast-main-header-display":"","ast-hfb-above-header-display":"","ast-hfb-below-header-display":"","ast-hfb-mobile-header-display":"","site-post-title":"disabled","ast-breadcrumbs-content":"","ast-featured-img":"","footer-sml-layout":"","ast-disable-related-posts":"","theme-transparent-header-meta":"","adv-header-id-meta":"","stick-header-meta":"","header-above-stick-meta":"","header-main-stick-meta":"","header-below-stick-meta":"","astra-migrate-meta-layouts":"default","ast-page-background-enabled":"default","ast-page-background-meta":{"desktop":{"background-color":"var(--ast-global-color-4)","background-image":"","background-repeat":"repeat","background-position":"center center","background-size":"auto","background-attachment":"scroll","background-type":"","background-media":"","overlay-type":"","overlay-color":"","overlay-opacity":"","overlay-gradient":""},"tablet":{"background-color":"","background-image":"","background-repeat":"repeat","background-position":"center center","background-size":"auto","background-attachment":"scroll","background-type":"","background-media":"","overlay-type":"","overlay-color":"","overlay-opacity":"","overlay-gradient":""},"mobile":{"background-color":"","background-image":"","background-repeat":"repeat","background-position":"center center","background-size":"auto","background-attachment":"scroll","background-type":"","background-media":"","overlay-type":"","overlay-color":"","overlay-opacity":"","overlay-gradient":""}},"ast-content-background-meta":{"desktop":{"background-color":"var(--ast-global-color-5)","background-image":"","background-repeat":"repeat","background-position":"center center","background-size":"auto","background-attachment":"scroll","background-type":"","background-media":"","overlay-type":"","overlay-color":"","overlay-opacity":"","overlay-gradient":""},"tablet":{"background-color":"var(--ast-global-color-5)","background-image":"","background-repeat":"repeat","background-position":"center center","background-size":"auto","background-attachment":"scroll","background-type":"","background-media":"","overlay-type":"","overlay-color":"","overlay-opacity":"","overlay-gradient":""},"mobile":{"background-color":"var(--ast-global-color-5)","background-image":"","background-repeat":"repeat","background-position":"center center","background-size":"auto","background-attachment":"scroll","background-type":"","background-media":"","overlay-type":"","overlay-color":"","overlay-opacity":"","overlay-gradient":""}},"footnotes":""},"class_list":["post-939","page","type-page","status-publish","hentry"],"uagb_featured_image_src":{"full":false,"thumbnail":false,"medium":false,"medium_large":false,"large":false,"1536x1536":false,"2048x2048":false},"uagb_author_info":{"display_name":"tgbkbhvthabz","author_link":"https:\/\/www.nbccom.ch\/fr\/author\/tgbkbhvthabz\/"},"uagb_comment_info":0,"uagb_excerpt":"Contact Contactez-moi pour des solutions de communication sur mesure et des conseils avis\u00e9s. Contactez-moi Je me r\u00e9jouis de votre demande [&hellip;]","_links":{"self":[{"href":"https:\/\/www.nbccom.ch\/fr\/wp-json\/wp\/v2\/pages\/939","targetHints":{"allow":["GET"]}}],"collection":[{"href":"https:\/\/www.nbccom.ch\/fr\/wp-json\/wp\/v2\/pages"}],"about":[{"href":"https:\/\/www.nbccom.ch\/fr\/wp-json\/wp\/v2\/types\/page"}],"author":[{"embeddable":true,"href":"https:\/\/www.nbccom.ch\/fr\/wp-json\/wp\/v2\/users\/4"}],"replies":[{"embeddable":true,"href":"https:\/\/www.nbccom.ch\/fr\/wp-json\/wp\/v2\/comments?post=939"}],"version-history":[{"count":2,"href":"https:\/\/www.nbccom.ch\/fr\/wp-json\/wp\/v2\/pages\/939\/revisions"}],"predecessor-version":[{"id":944,"href":"https:\/\/www.nbccom.ch\/fr\/wp-json\/wp\/v2\/pages\/939\/revisions\/944"}],"wp:attachment":[{"href":"https:\/\/www.nbccom.ch\/fr\/wp-json\/wp\/v2\/media?parent=939"}],"curies":[{"name":"wp","href":"https:\/\/api.w.org\/{rel}","templated":true}]}}